{"id":5375,"date":"2025-10-15T18:50:38","date_gmt":"2025-10-15T18:50:38","guid":{"rendered":"https:\/\/heddamartinasola.com\/strucni-radovi\/"},"modified":"2025-11-18T09:18:11","modified_gmt":"2025-11-18T09:18:11","slug":"professional-articles","status":"publish","type":"page","link":"https:\/\/heddamartinasola.com\/en\/professional-articles\/","title":{"rendered":"Professional Articles"},"content":{"rendered":"\t\t<div data-elementor-type=\"wp-page\" data-elementor-id=\"5375\" class=\"elementor elementor-5375 elementor-3496\">\n\t\t\t\t<div class=\"elementor-element elementor-element-31711221 e-con-full e-flex e-con e-parent\" data-id=\"31711221\" data-element_type=\"container\" data-e-type=\"container\" data-settings=\"{&quot;mk_ext_is_sticky&quot;:&quot;false&quot;}\">\n\t\t\t\t<div class=\"elementor-element elementor-element-baa32ca mk-title-align--left elementor-widget elementor-widget-mk_title\" data-id=\"baa32ca\" data-element_type=\"widget\" data-e-type=\"widget\" data-settings=\"{&quot;mk_ext_is_infinite&quot;:&quot;false&quot;,&quot;mk_ext_is_scrollme&quot;:&quot;false&quot;}\" data-widget_type=\"mk_title.default\">\n\t\t\t\t<div class=\"elementor-widget-container\">\n\t\t\t\t\t<div class=\"mk-title mk-title-default\"><div class=\"mk-title-subtitle swm-hide-mobile\">Dr.Hedda Martina \u0160ola,PhD<\/div><h1 class=\"mk-title-heading swm-hide-none\"><span>Professional Articles<\/span><\/h1><div class=\"mk-title-desc swm-hide-mobile\"><span>Professional articles connect scientific research and practice, providing solutions applicable in industry and education<\/span><\/div><\/div>\t\t\t\t<\/div>\n\t\t\t\t<\/div>\n\t\t\t\t<div class=\"elementor-element elementor-element-172e962 mk-title-align--left elementor-widget elementor-widget-mk_title\" data-id=\"172e962\" data-element_type=\"widget\" data-e-type=\"widget\" data-settings=\"{&quot;mk_ext_is_infinite&quot;:&quot;false&quot;,&quot;mk_ext_is_scrollme&quot;:&quot;false&quot;}\" data-widget_type=\"mk_title.default\">\n\t\t\t\t<div class=\"elementor-widget-container\">\n\t\t\t\t\t<div class=\"mk-title mk-title-\"><div class=\"mk-title-desc swm-hide-none\"><span>2022<\/span><\/div><\/div>\t\t\t\t<\/div>\n\t\t\t\t<\/div>\n\t\t\t\t<div class=\"elementor-element elementor-element-935bbe4 elementor-widget elementor-widget-text-editor\" data-id=\"935bbe4\" data-element_type=\"widget\" data-e-type=\"widget\" data-settings=\"{&quot;mk_ext_is_infinite&quot;:&quot;false&quot;,&quot;mk_ext_is_scrollme&quot;:&quot;false&quot;}\" data-widget_type=\"text-editor.default\">\n\t\t\t\t\t\t\t\t\t<ul><li>\u0160ola, H. M. (2022). Neuromarketin\u0161ko mjerenje pa\u017enje i emocionalne uklju\u010denosti studenata tijekom online nastave na Sveu\u010dili\u0161tu u Zagrebu. U L. Mo\u0161nja \u0160kare (Ur.), <em>Virtualna stru\u010dna konferencija FET \u2013 Business Insights, Zbornik pro\u0161irenih sa\u017eetaka<\/em> (str. 11\u201316). Sveu\u010dili\u0161te Jurja Dobrile u Puli, Fakultet ekonomije i turizma \u201eDr. Mijo Mirkovi\u0107\u201c. ISBN: 978-953-8278-92-1.<\/li><li>\u0160ola, H. M. (2022). Using neuromarketing to understand motivation and learning performance in online learning. In <em>Neuromarketing Yearbook 2022<\/em> (pp. 40\u201348). Neuromarketing Science &amp; Business Association, Netherlands.<\/li><li>\u0160ola, H. M., &amp; Mikac, M. (2022). Testing product packaging with the use of neuromarketing to optimise sales. <em>Insights, 37<\/em>, 16\u201319. Neuromarketing Science &amp; Business Association, Netherlands.<\/li><\/ul>\t\t\t\t\t\t\t\t<\/div>\n\t\t\t\t<div class=\"elementor-element elementor-element-fa3dafe mk-title-align--left elementor-widget elementor-widget-mk_title\" data-id=\"fa3dafe\" data-element_type=\"widget\" data-e-type=\"widget\" data-settings=\"{&quot;mk_ext_is_infinite&quot;:&quot;false&quot;,&quot;mk_ext_is_scrollme&quot;:&quot;false&quot;}\" data-widget_type=\"mk_title.default\">\n\t\t\t\t<div class=\"elementor-widget-container\">\n\t\t\t\t\t<div class=\"mk-title mk-title-\"><div class=\"mk-title-desc swm-hide-none\"><span>2019<\/span><\/div><\/div>\t\t\t\t<\/div>\n\t\t\t\t<\/div>\n\t\t\t\t<div class=\"elementor-element elementor-element-f06db92 elementor-widget elementor-widget-text-editor\" data-id=\"f06db92\" data-element_type=\"widget\" data-e-type=\"widget\" data-settings=\"{&quot;mk_ext_is_infinite&quot;:&quot;false&quot;,&quot;mk_ext_is_scrollme&quot;:&quot;false&quot;}\" data-widget_type=\"text-editor.default\">\n\t\t\t\t\t\t\t\t\t<ul><li>\u0160ola, H. M. (2019). Neuromarketing u promociji pred\u0161kolskog obrazovanja. U M. Sankovi\u0107 (Ur.), <em>23. Sajam zdravlja \u2013 sajamski vodi\u010d, zbornik i izvje\u0161\u0107a<\/em> (str. 145\u2013147). Vinkovci: Projekt Zdravi Grad.<\/li><\/ul>\t\t\t\t\t\t\t\t<\/div>\n\t\t\t\t<div class=\"elementor-element elementor-element-1f2d064 mk-title-align--left elementor-widget elementor-widget-mk_title\" data-id=\"1f2d064\" data-element_type=\"widget\" data-e-type=\"widget\" data-settings=\"{&quot;mk_ext_is_infinite&quot;:&quot;false&quot;,&quot;mk_ext_is_scrollme&quot;:&quot;false&quot;}\" data-widget_type=\"mk_title.default\">\n\t\t\t\t<div class=\"elementor-widget-container\">\n\t\t\t\t\t<div class=\"mk-title mk-title-\"><div class=\"mk-title-desc swm-hide-none\"><span>2018<\/span><\/div><\/div>\t\t\t\t<\/div>\n\t\t\t\t<\/div>\n\t\t\t\t<div class=\"elementor-element elementor-element-e0ad9a9 elementor-widget elementor-widget-text-editor\" data-id=\"e0ad9a9\" data-element_type=\"widget\" data-e-type=\"widget\" data-settings=\"{&quot;mk_ext_is_infinite&quot;:&quot;false&quot;,&quot;mk_ext_is_scrollme&quot;:&quot;false&quot;}\" data-widget_type=\"text-editor.default\">\n\t\t\t\t\t\t\t\t\t<ul><li>\u0160ola, H. M. (2018). The influence of neuromarketing on product development using the example of packaging design. <em>Insights, 24<\/em>, 1\u20134. Neuromarketing Science &amp; Business Association (NMSBA).<\/li><\/ul>\t\t\t\t\t\t\t\t<\/div>\n\t\t\t\t<div class=\"elementor-element elementor-element-e771fbd mk-title-align--left elementor-widget elementor-widget-mk_title\" data-id=\"e771fbd\" data-element_type=\"widget\" data-e-type=\"widget\" data-settings=\"{&quot;mk_ext_is_infinite&quot;:&quot;false&quot;,&quot;mk_ext_is_scrollme&quot;:&quot;false&quot;}\" data-widget_type=\"mk_title.default\">\n\t\t\t\t<div class=\"elementor-widget-container\">\n\t\t\t\t\t<div class=\"mk-title mk-title-\"><div class=\"mk-title-desc swm-hide-none\"><span>2016<\/span><\/div><\/div>\t\t\t\t<\/div>\n\t\t\t\t<\/div>\n\t\t\t\t<div class=\"elementor-element elementor-element-56638e2 elementor-widget elementor-widget-text-editor\" data-id=\"56638e2\" data-element_type=\"widget\" data-e-type=\"widget\" data-settings=\"{&quot;mk_ext_is_infinite&quot;:&quot;false&quot;,&quot;mk_ext_is_scrollme&quot;:&quot;false&quot;}\" data-widget_type=\"text-editor.default\">\n\t\t\t\t\t\t\t\t\t<ul><li>\u0160ola, H. M., Kesar, O., Pirjevec, B., Salamon, D., &amp; Tkalec, Z. (2016). <em>Strate\u0161ki marketin\u0161ki plan turizma Grada Novalje 2016\u20132020.<\/em> Institut za obrazovanje za poduzetni\u0161tvo.<\/li><li>\u0160ola, H. M. (2016). Neuromarketing i politika. <em>Poslovni savjetnik<\/em> (internet izdanje).<\/li><\/ul>\t\t\t\t\t\t\t\t<\/div>\n\t\t\t\t<div class=\"elementor-element elementor-element-dc92884 mk-title-align--left elementor-widget elementor-widget-mk_title\" data-id=\"dc92884\" data-element_type=\"widget\" data-e-type=\"widget\" data-settings=\"{&quot;mk_ext_is_infinite&quot;:&quot;false&quot;,&quot;mk_ext_is_scrollme&quot;:&quot;false&quot;}\" data-widget_type=\"mk_title.default\">\n\t\t\t\t<div class=\"elementor-widget-container\">\n\t\t\t\t\t<div class=\"mk-title mk-title-\"><div class=\"mk-title-desc swm-hide-none\"><span>2013<\/span><\/div><\/div>\t\t\t\t<\/div>\n\t\t\t\t<\/div>\n\t\t\t\t<div class=\"elementor-element elementor-element-f2bbde1 elementor-widget elementor-widget-text-editor\" data-id=\"f2bbde1\" data-element_type=\"widget\" data-e-type=\"widget\" data-settings=\"{&quot;mk_ext_is_infinite&quot;:&quot;false&quot;,&quot;mk_ext_is_scrollme&quot;:&quot;false&quot;}\" data-widget_type=\"text-editor.default\">\n\t\t\t\t\t\t\t\t\t<ul><li>\u0160ola, H. M. (2013). Medijsko upravljanje kriznim situacijama. <em>Poslovni savjetnik, 99<\/em>, 34\u201335. ISSN 1845-092X.<\/li><li>\u0160ola, H. M. (2013). Neuro PR \u2013 \u0160to mogu odnosi s javno\u0161\u0107u nau\u010diti iz neuromarketinga. <em>Poslovni savjetnik, 98<\/em>, 12\u201313. ISSN 1845-092X.<\/li><li>\u0160ola, H. M. (2013). Primjena marketinga uz dozvolu. <em>Poslovni savjetnik, 97<\/em>, 23\u201324. ISSN 1845-092X.<\/li><li>\u0160ola, H. M. (2013). Teorija igara. <em>Poslovni savjetnik, 96<\/em>, 51\u201352. ISSN 1845-092X.<\/li><li>\u0160ola, H. M. (2013). Pozicioniranje tvrtke u recesijskim uvjetima. <em>Poslovni savjetnik, 93<\/em>, 12\u201313. ISSN 1845-092X.<\/li><li>\u0160ola, H. M. (2013). Greenwashing ili zeleno pranje. <em>Poslovni savjetnik, 92<\/em>, 51\u201352. ISSN 1845-092X.<\/li><\/ul>\t\t\t\t\t\t\t\t<\/div>\n\t\t\t\t<div class=\"elementor-element elementor-element-38d814e mk-title-align--left elementor-widget elementor-widget-mk_title\" data-id=\"38d814e\" data-element_type=\"widget\" data-e-type=\"widget\" data-settings=\"{&quot;mk_ext_is_infinite&quot;:&quot;false&quot;,&quot;mk_ext_is_scrollme&quot;:&quot;false&quot;}\" data-widget_type=\"mk_title.default\">\n\t\t\t\t<div class=\"elementor-widget-container\">\n\t\t\t\t\t<div class=\"mk-title mk-title-\"><div class=\"mk-title-desc swm-hide-none\"><span>2012<\/span><\/div><\/div>\t\t\t\t<\/div>\n\t\t\t\t<\/div>\n\t\t\t\t<div class=\"elementor-element elementor-element-0516ddc elementor-widget elementor-widget-text-editor\" data-id=\"0516ddc\" data-element_type=\"widget\" data-e-type=\"widget\" data-settings=\"{&quot;mk_ext_is_infinite&quot;:&quot;false&quot;,&quot;mk_ext_is_scrollme&quot;:&quot;false&quot;}\" data-widget_type=\"text-editor.default\">\n\t\t\t\t\t\t\t\t\t<ul><li>\u0160ola, H. M. (2012). Uspostavljanje business intelligence sustava u poduze\u0107u. <em>Poslovni savjetnik, 91<\/em>, 26\u201327. ISSN 1845-092X.<\/li><li>\u0160ola, H. M. (2012). Kratki priru\u010dnik o obveznom ozna\u010davanju znakova na proizvodima i ambala\u017ei u RH. <em>Poslovni savjetnik, 90<\/em>, 60\u201361. ISSN 1845-092X.<\/li><li>\u0160ola, H. M. (2012). Dje\u010dji marketing \u2013 Igroglasi. <em>Poslovni savjetnik, 89<\/em>, 60\u201361. ISSN 1845-092X.<\/li><li>\u0160ola, H. M. (2012). Efekt leptira u menad\u017ementu tvrtke. <em>Poslovni savjetnik, 86<\/em>, 22\u201323. ISSN 1845-092X.<\/li><li>\u0160ola, H. M. (2012). Akvizicija poduze\u0107a: A+B = A\u2019 ili B\u2019. <em>Poslovni savjetnik, 85<\/em>, 20\u201321. ISSN 1845-092X.<\/li><li>\u0160ola, H. M. (2012). Prikriveni ekonomski pokazatelji. <em>Poslovni savjetnik, 84<\/em>, 66\u201367. ISSN 1845-092X.<\/li><li>\u0160ola, H. M. (2012). Kompetitivna inteligencija u poslovanju. <em>Poslovni savjetnik, 83<\/em>, 42\u201343. ISSN 1845-092X.<\/li><li>\u0160ola, H. M. (2012). Neuromarketing \u2013 znanost u slu\u017ebi kupca. <em>Poslovni savjetnik, 82<\/em>, 32\u201333. ISSN 1845-092X.<\/li><\/ul>\t\t\t\t\t\t\t\t<\/div>\n\t\t\t\t<div class=\"elementor-element elementor-element-a95f816 mk-title-align--left elementor-widget elementor-widget-mk_title\" data-id=\"a95f816\" data-element_type=\"widget\" data-e-type=\"widget\" data-settings=\"{&quot;mk_ext_is_infinite&quot;:&quot;false&quot;,&quot;mk_ext_is_scrollme&quot;:&quot;false&quot;}\" data-widget_type=\"mk_title.default\">\n\t\t\t\t<div class=\"elementor-widget-container\">\n\t\t\t\t\t<div class=\"mk-title mk-title-\"><div class=\"mk-title-desc swm-hide-none\"><span>2011<\/span><\/div><\/div>\t\t\t\t<\/div>\n\t\t\t\t<\/div>\n\t\t\t\t<div class=\"elementor-element elementor-element-634da74 elementor-widget elementor-widget-text-editor\" data-id=\"634da74\" data-element_type=\"widget\" data-e-type=\"widget\" data-settings=\"{&quot;mk_ext_is_infinite&quot;:&quot;false&quot;,&quot;mk_ext_is_scrollme&quot;:&quot;false&quot;}\" data-widget_type=\"text-editor.default\">\n\t\t\t\t\t\t\t\t\t<ul><li>\u0160ola, H. M. (2011). Rizik naplate. <em>Poslovni savjetnik, 81<\/em>, 58\u201359. ISSN 1845-092X.<\/li><\/ul>\t\t\t\t\t\t\t\t<\/div>\n\t\t\t\t<\/div>\n\t\t\t\t<\/div>\n\t\t","protected":false},"excerpt":{"rendered":"<p>Dr.Hedda Martina \u0160ola,PhD Professional Articles Professional articles connect scientific research and practice, providing solutions applicable in industry and education 2022 \u0160ola, H. M. (2022). Neuromarketin\u0161ko mjerenje pa\u017enje i emocionalne uklju\u010denosti studenata tijekom online nastave na Sveu\u010dili\u0161tu u Zagrebu. U L. Mo\u0161nja \u0160kare (Ur.), Virtualna stru\u010dna konferencija FET \u2013 Business Insights, [&hellip;]<\/p>\n","protected":false},"author":1,"featured_media":0,"parent":0,"menu_order":0,"comment_status":"closed","ping_status":"closed","template":"elementor_header_footer","meta":{"inline_featured_image":false,"footnotes":""},"class_list":["post-5375","page","type-page","status-publish","hentry"],"yoast_head":"<!-- This site is optimized with the Yoast SEO plugin v27.3 - https:\/\/yoast.com\/product\/yoast-seo-wordpress\/ -->\n<title>Professional Articles - Dr.Hedda Martina \u0160ola,PhD<\/title>\n<meta name=\"description\" content=\"Professional Articles: Explore the professional and academic profiles of Dr. Hedda Martina \u0160ola \u2014 books, publications, and research that shape neuromarketing and brand innovation.\" \/>\n<meta name=\"robots\" content=\"index, follow, max-snippet:-1, max-image-preview:large, max-video-preview:-1\" \/>\n<link rel=\"canonical\" href=\"https:\/\/heddamartinasola.com\/en\/professional-articles\/\" \/>\n<meta property=\"og:locale\" content=\"en_US\" \/>\n<meta property=\"og:type\" content=\"article\" \/>\n<meta property=\"og:title\" content=\"Professional Articles - Dr.Hedda Martina \u0160ola,PhD\" \/>\n<meta property=\"og:description\" content=\"Professional Articles: Explore the professional and academic profiles of Dr. Hedda Martina \u0160ola \u2014 books, publications, and research that shape neuromarketing and brand innovation.\" \/>\n<meta property=\"og:url\" content=\"https:\/\/heddamartinasola.com\/en\/professional-articles\/\" \/>\n<meta property=\"og:site_name\" content=\"Dr.Hedda Martina \u0160ola,PhD\" \/>\n<meta property=\"article:modified_time\" content=\"2025-11-18T09:18:11+00:00\" \/>\n<meta name=\"twitter:card\" content=\"summary_large_image\" \/>\n<meta name=\"twitter:label1\" content=\"Est. reading time\" \/>\n\t<meta name=\"twitter:data1\" content=\"1 minute\" \/>\n<script type=\"application\/ld+json\" class=\"yoast-schema-graph\">{\"@context\":\"https:\\\/\\\/schema.org\",\"@graph\":[{\"@type\":\"WebPage\",\"@id\":\"https:\\\/\\\/heddamartinasola.com\\\/en\\\/professional-articles\\\/\",\"url\":\"https:\\\/\\\/heddamartinasola.com\\\/en\\\/professional-articles\\\/\",\"name\":\"Professional Articles - Dr.Hedda Martina \u0160ola,PhD\",\"isPartOf\":{\"@id\":\"https:\\\/\\\/heddamartinasola.com\\\/en\\\/#website\"},\"datePublished\":\"2025-10-15T18:50:38+00:00\",\"dateModified\":\"2025-11-18T09:18:11+00:00\",\"description\":\"Professional Articles: Explore the professional and academic profiles of Dr. Hedda Martina \u0160ola \u2014 books, publications, and research that shape neuromarketing and brand innovation.\",\"breadcrumb\":{\"@id\":\"https:\\\/\\\/heddamartinasola.com\\\/en\\\/professional-articles\\\/#breadcrumb\"},\"inLanguage\":\"en-US\",\"potentialAction\":[{\"@type\":\"ReadAction\",\"target\":[\"https:\\\/\\\/heddamartinasola.com\\\/en\\\/professional-articles\\\/\"]}]},{\"@type\":\"BreadcrumbList\",\"@id\":\"https:\\\/\\\/heddamartinasola.com\\\/en\\\/professional-articles\\\/#breadcrumb\",\"itemListElement\":[{\"@type\":\"ListItem\",\"position\":1,\"name\":\"Po\u010detna stranica\",\"item\":\"https:\\\/\\\/heddamartinasola.com\\\/en\\\/\"},{\"@type\":\"ListItem\",\"position\":2,\"name\":\"Professional Articles\"}]},{\"@type\":\"WebSite\",\"@id\":\"https:\\\/\\\/heddamartinasola.com\\\/en\\\/#website\",\"url\":\"https:\\\/\\\/heddamartinasola.com\\\/en\\\/\",\"name\":\"Dr.Hedda Martina \u0160ola,PhD\",\"description\":\"Neuromarketing &amp; IP\",\"potentialAction\":[{\"@type\":\"SearchAction\",\"target\":{\"@type\":\"EntryPoint\",\"urlTemplate\":\"https:\\\/\\\/heddamartinasola.com\\\/en\\\/?s={search_term_string}\"},\"query-input\":{\"@type\":\"PropertyValueSpecification\",\"valueRequired\":true,\"valueName\":\"search_term_string\"}}],\"inLanguage\":\"en-US\"}]}<\/script>\n<!-- \/ Yoast SEO plugin. -->","yoast_head_json":{"title":"Professional Articles - Dr.Hedda Martina \u0160ola,PhD","description":"Professional Articles: Explore the professional and academic profiles of Dr. Hedda Martina \u0160ola \u2014 books, publications, and research that shape neuromarketing and brand innovation.","robots":{"index":"index","follow":"follow","max-snippet":"max-snippet:-1","max-image-preview":"max-image-preview:large","max-video-preview":"max-video-preview:-1"},"canonical":"https:\/\/heddamartinasola.com\/en\/professional-articles\/","og_locale":"en_US","og_type":"article","og_title":"Professional Articles - Dr.Hedda Martina \u0160ola,PhD","og_description":"Professional Articles: Explore the professional and academic profiles of Dr. Hedda Martina \u0160ola \u2014 books, publications, and research that shape neuromarketing and brand innovation.","og_url":"https:\/\/heddamartinasola.com\/en\/professional-articles\/","og_site_name":"Dr.Hedda Martina \u0160ola,PhD","article_modified_time":"2025-11-18T09:18:11+00:00","twitter_card":"summary_large_image","twitter_misc":{"Est. reading time":"1 minute"},"schema":{"@context":"https:\/\/schema.org","@graph":[{"@type":"WebPage","@id":"https:\/\/heddamartinasola.com\/en\/professional-articles\/","url":"https:\/\/heddamartinasola.com\/en\/professional-articles\/","name":"Professional Articles - Dr.Hedda Martina \u0160ola,PhD","isPartOf":{"@id":"https:\/\/heddamartinasola.com\/en\/#website"},"datePublished":"2025-10-15T18:50:38+00:00","dateModified":"2025-11-18T09:18:11+00:00","description":"Professional Articles: Explore the professional and academic profiles of Dr. Hedda Martina \u0160ola \u2014 books, publications, and research that shape neuromarketing and brand innovation.","breadcrumb":{"@id":"https:\/\/heddamartinasola.com\/en\/professional-articles\/#breadcrumb"},"inLanguage":"en-US","potentialAction":[{"@type":"ReadAction","target":["https:\/\/heddamartinasola.com\/en\/professional-articles\/"]}]},{"@type":"BreadcrumbList","@id":"https:\/\/heddamartinasola.com\/en\/professional-articles\/#breadcrumb","itemListElement":[{"@type":"ListItem","position":1,"name":"Po\u010detna stranica","item":"https:\/\/heddamartinasola.com\/en\/"},{"@type":"ListItem","position":2,"name":"Professional Articles"}]},{"@type":"WebSite","@id":"https:\/\/heddamartinasola.com\/en\/#website","url":"https:\/\/heddamartinasola.com\/en\/","name":"Dr.Hedda Martina \u0160ola,PhD","description":"Neuromarketing &amp; IP","potentialAction":[{"@type":"SearchAction","target":{"@type":"EntryPoint","urlTemplate":"https:\/\/heddamartinasola.com\/en\/?s={search_term_string}"},"query-input":{"@type":"PropertyValueSpecification","valueRequired":true,"valueName":"search_term_string"}}],"inLanguage":"en-US"}]}},"_links":{"self":[{"href":"https:\/\/heddamartinasola.com\/en\/wp-json\/wp\/v2\/pages\/5375","targetHints":{"allow":["GET"]}}],"collection":[{"href":"https:\/\/heddamartinasola.com\/en\/wp-json\/wp\/v2\/pages"}],"about":[{"href":"https:\/\/heddamartinasola.com\/en\/wp-json\/wp\/v2\/types\/page"}],"author":[{"embeddable":true,"href":"https:\/\/heddamartinasola.com\/en\/wp-json\/wp\/v2\/users\/1"}],"replies":[{"embeddable":true,"href":"https:\/\/heddamartinasola.com\/en\/wp-json\/wp\/v2\/comments?post=5375"}],"version-history":[{"count":10,"href":"https:\/\/heddamartinasola.com\/en\/wp-json\/wp\/v2\/pages\/5375\/revisions"}],"predecessor-version":[{"id":6561,"href":"https:\/\/heddamartinasola.com\/en\/wp-json\/wp\/v2\/pages\/5375\/revisions\/6561"}],"wp:attachment":[{"href":"https:\/\/heddamartinasola.com\/en\/wp-json\/wp\/v2\/media?parent=5375"}],"curies":[{"name":"wp","href":"https:\/\/api.w.org\/{rel}","templated":true}]}}